{"id":555,"date":"2022-03-21T17:35:38","date_gmt":"2022-03-21T14:35:38","guid":{"rendered":"https:\/\/anilsan.macroturk.com\/?page_id=555"},"modified":"2022-03-21T17:35:38","modified_gmt":"2022-03-21T14:35:38","slug":"home-textile","status":"publish","type":"page","link":"https:\/\/anilsan.com\/en\/home-textile\/","title":{"rendered":"Home Textile"},"content":{"rendered":"\t\t<div data-elementor-type=\"wp-page\" data-elementor-id=\"555\" class=\"elementor elementor-555\" data-elementor-settings=\"[]\">\n\t\t\t\t\t\t<div class=\"elementor-inner\">\n\t\t\t\t\t\t\t<div class=\"elementor-section-wrap\">\n\t\t\t\t\t\t\t<section class=\"elementor-section elementor-top-section elementor-element elementor-element-e24ef37 elementor-section-full_width elementor-section-height-default elementor-section-height-default\" data-id=\"e24ef37\" data-element_type=\"section\">\n\t\t\t\t\t\t<div class=\"elementor-container elementor-column-gap-default\">\n\t\t\t\t\t\t\t<div class=\"elementor-row\">\n\t\t\t\t\t<div class=\"aux-parallax-section elementor-column elementor-col-100 elementor-top-column elementor-element elementor-element-22d6203\" data-id=\"22d6203\" data-element_type=\"column\">\n\t\t\t<div class=\"elementor-column-wrap elementor-element-populated\">\n\t\t\t\t\t\t\t<div class=\"elementor-widget-wrap\">\n\t\t\t\t\t\t<div class=\"elementor-element elementor-element-7d118df elementor-widget elementor-widget-aux-gallery\" data-id=\"7d118df\" data-element_type=\"widget\" data-widget_type=\"aux-gallery.default\">\n\t\t\t\t<div class=\"elementor-widget-container\">\n\t\t\t<section class=\"widget-container aux-widget-gallery aux-parent-au13affe97\"><div id='aux-gallery-1' class='aux-gallery galleryid-555 gallery-columns-4 aux-lightbox-gallery'><div class=\"aux-gallery-container aux-isotope-animated aux-row aux-de-col4 aux-tb-col2 aux-mb-col1 elementor-clickable aux-no-gutter aux-layout-masonry\"  data-pagination=\"false\" data-lazyload=\"false\" data-perpage=\"24\" data-layout=\"masonry\" data-space=\"10\" >    <figure class=\"gallery-item aux-hover-active aux-iso-item aux-col \">\n            <div class=\"aux-frame-mask-plain aux-frame-ratio \">\n                <a href=\"https:\/\/anilsan.com\/wp-content\/uploads\/2022\/03\/jakarli-havlu.jpg\" class=\"aux-frame-ratio-inner aux-frame-darken aux-lightbox-btn \" data-elementor-open-lightbox=\"no\" data-original-width=\"768\" data-original-height=\"576\" data-caption=\"jakarli-havlu\">\n                                <div class=\"aux-hover-scale-circle-plus2\">\n                        <span class=\"aux-symbol-plus\"><\/span>\n                        <span class=\"aux-symbol-circle\"><\/span>\n                    <\/div>\n                        <img loading=\"lazy\" decoding=\"async\" width=\"300\" height=\"300\" src=\"https:\/\/anilsan.com\/wp-content\/uploads\/2022\/03\/jakarli-havlu-300x300.jpg\" class=\"aux-attachment aux-featured-image attachment-300x300 aux-attachment-id-246 \" alt=\"jakarli-havlu\" srcset=\"https:\/\/anilsan.com\/wp-content\/uploads\/2022\/03\/jakarli-havlu-150x150.jpg 150w,https:\/\/anilsan.com\/wp-content\/uploads\/2022\/03\/jakarli-havlu-300x300.jpg 300w,https:\/\/anilsan.com\/wp-content\/uploads\/2022\/03\/jakarli-havlu-300x300.jpg 300w,https:\/\/anilsan.com\/wp-content\/uploads\/2022\/03\/jakarli-havlu-758x758.jpg 758w\" data-ratio=\"1\" data-original-w=\"768\" sizes=\"auto, (max-width:767px) 100vw,(min-width:768px) and (max-width:1025px) 50vw,380px\" \/>                <\/a>\n            <\/div>\n                <\/figure>\n    <figure class=\"gallery-item aux-hover-active aux-iso-item aux-col \">\n            <div class=\"aux-frame-mask-plain aux-frame-ratio \">\n                <a href=\"https:\/\/anilsan.com\/wp-content\/uploads\/2022\/03\/Bordurlu-Havlu.jpg\" class=\"aux-frame-ratio-inner aux-frame-darken aux-lightbox-btn \" data-elementor-open-lightbox=\"no\" data-original-width=\"768\" data-original-height=\"576\" data-caption=\"Bord\u00fcrl\u00fc-Havlu\">\n                                <div class=\"aux-hover-scale-circle-plus2\">\n                        <span class=\"aux-symbol-plus\"><\/span>\n                        <span class=\"aux-symbol-circle\"><\/span>\n                    <\/div>\n                        <img loading=\"lazy\" decoding=\"async\" width=\"300\" height=\"300\" src=\"https:\/\/anilsan.com\/wp-content\/uploads\/2022\/03\/Bordurlu-Havlu-300x300.jpg\" class=\"aux-attachment aux-featured-image attachment-300x300 aux-attachment-id-263 \" alt=\"Bord\u00fcrl\u00fc-Havlu\" srcset=\"https:\/\/anilsan.com\/wp-content\/uploads\/2022\/03\/Bordurlu-Havlu-150x150.jpg 150w,https:\/\/anilsan.com\/wp-content\/uploads\/2022\/03\/Bordurlu-Havlu-300x300.jpg 300w,https:\/\/anilsan.com\/wp-content\/uploads\/2022\/03\/Bordurlu-Havlu-300x300.jpg 300w,https:\/\/anilsan.com\/wp-content\/uploads\/2022\/03\/Bordurlu-Havlu-758x758.jpg 758w\" data-ratio=\"1\" data-original-w=\"768\" sizes=\"auto, (max-width:767px) 100vw,(min-width:768px) and (max-width:1025px) 50vw,380px\" \/>                <\/a>\n            <\/div>\n                <\/figure>\n    <figure class=\"gallery-item aux-hover-active aux-iso-item aux-col \">\n            <div class=\"aux-frame-mask-plain aux-frame-ratio \">\n                <a href=\"https:\/\/anilsan.com\/wp-content\/uploads\/2022\/03\/kabartmali-jakart.jpg\" class=\"aux-frame-ratio-inner aux-frame-darken aux-lightbox-btn \" data-elementor-open-lightbox=\"no\" data-original-width=\"768\" data-original-height=\"576\" data-caption=\"kabartmali-jakart\">\n                                <div class=\"aux-hover-scale-circle-plus2\">\n                        <span class=\"aux-symbol-plus\"><\/span>\n                        <span class=\"aux-symbol-circle\"><\/span>\n                    <\/div>\n                        <img loading=\"lazy\" decoding=\"async\" width=\"300\" height=\"300\" src=\"https:\/\/anilsan.com\/wp-content\/uploads\/2022\/03\/kabartmali-jakart-300x300.jpg\" class=\"aux-attachment aux-featured-image attachment-300x300 aux-attachment-id-250 \" alt=\"kabartmali-jakart\" srcset=\"https:\/\/anilsan.com\/wp-content\/uploads\/2022\/03\/kabartmali-jakart-150x150.jpg 150w,https:\/\/anilsan.com\/wp-content\/uploads\/2022\/03\/kabartmali-jakart-300x300.jpg 300w,https:\/\/anilsan.com\/wp-content\/uploads\/2022\/03\/kabartmali-jakart-300x300.jpg 300w,https:\/\/anilsan.com\/wp-content\/uploads\/2022\/03\/kabartmali-jakart-758x758.jpg 758w\" data-ratio=\"1\" data-original-w=\"768\" sizes=\"auto, (max-width:767px) 100vw,(min-width:768px) and (max-width:1025px) 50vw,380px\" \/>                <\/a>\n            <\/div>\n                <\/figure>\n    <figure class=\"gallery-item aux-hover-active aux-iso-item aux-col \">\n            <div class=\"aux-frame-mask-plain aux-frame-ratio \">\n                <a href=\"https:\/\/anilsan.com\/wp-content\/uploads\/2022\/03\/Iplik-Boya-Havlu\u200b.jpg\" class=\"aux-frame-ratio-inner aux-frame-darken aux-lightbox-btn \" data-elementor-open-lightbox=\"no\" data-original-width=\"768\" data-original-height=\"576\" data-caption=\"\u0130plik-Boya-Havlu\u200b\">\n                                <div class=\"aux-hover-scale-circle-plus2\">\n                        <span class=\"aux-symbol-plus\"><\/span>\n                        <span class=\"aux-symbol-circle\"><\/span>\n                    <\/div>\n                        <img loading=\"lazy\" decoding=\"async\" width=\"300\" height=\"300\" src=\"https:\/\/anilsan.com\/wp-content\/uploads\/2022\/03\/Iplik-Boya-Havlu\u200b-300x300.jpg\" class=\"aux-attachment aux-featured-image attachment-300x300 aux-attachment-id-252 \" alt=\"\u0130plik-Boya-Havlu\u200b\" srcset=\"https:\/\/anilsan.com\/wp-content\/uploads\/2022\/03\/Iplik-Boya-Havlu\u200b-150x150.jpg 150w,https:\/\/anilsan.com\/wp-content\/uploads\/2022\/03\/Iplik-Boya-Havlu\u200b-300x300.jpg 300w,https:\/\/anilsan.com\/wp-content\/uploads\/2022\/03\/Iplik-Boya-Havlu\u200b-300x300.jpg 300w,https:\/\/anilsan.com\/wp-content\/uploads\/2022\/03\/Iplik-Boya-Havlu\u200b-758x758.jpg 758w\" data-ratio=\"1\" data-original-w=\"768\" sizes=\"auto, (max-width:767px) 100vw,(min-width:768px) and (max-width:1025px) 50vw,380px\" \/>                <\/a>\n            <\/div>\n                <\/figure>\n    <figure class=\"gallery-item aux-hover-active aux-iso-item aux-col \">\n            <div class=\"aux-frame-mask-plain aux-frame-ratio \">\n                <a href=\"https:\/\/anilsan.com\/wp-content\/uploads\/2022\/03\/nakisli-havlu.jpg\" class=\"aux-frame-ratio-inner aux-frame-darken aux-lightbox-btn \" data-elementor-open-lightbox=\"no\" data-original-width=\"768\" data-original-height=\"576\" data-caption=\"nak\u0131\u015fl\u0131-havlu\">\n                                <div class=\"aux-hover-scale-circle-plus2\">\n                        <span class=\"aux-symbol-plus\"><\/span>\n                        <span class=\"aux-symbol-circle\"><\/span>\n                    <\/div>\n                        <img loading=\"lazy\" decoding=\"async\" width=\"300\" height=\"300\" src=\"https:\/\/anilsan.com\/wp-content\/uploads\/2022\/03\/nakisli-havlu-300x300.jpg\" class=\"aux-attachment aux-featured-image attachment-300x300 aux-attachment-id-265 \" alt=\"nak\u0131\u015fl\u0131-havlu\" srcset=\"https:\/\/anilsan.com\/wp-content\/uploads\/2022\/03\/nakisli-havlu-150x150.jpg 150w,https:\/\/anilsan.com\/wp-content\/uploads\/2022\/03\/nakisli-havlu-300x300.jpg 300w,https:\/\/anilsan.com\/wp-content\/uploads\/2022\/03\/nakisli-havlu-300x300.jpg 300w,https:\/\/anilsan.com\/wp-content\/uploads\/2022\/03\/nakisli-havlu-758x758.jpg 758w\" data-ratio=\"1\" data-original-w=\"768\" sizes=\"auto, (max-width:767px) 100vw,(min-width:768px) and (max-width:1025px) 50vw,380px\" \/>                <\/a>\n            <\/div>\n                <\/figure>\n    <figure class=\"gallery-item aux-hover-active aux-iso-item aux-col \">\n            <div class=\"aux-frame-mask-plain aux-frame-ratio \">\n                <a href=\"https:\/\/anilsan.com\/wp-content\/uploads\/2022\/03\/Bamboo-havlu.jpg\" class=\"aux-frame-ratio-inner aux-frame-darken aux-lightbox-btn \" data-elementor-open-lightbox=\"no\" data-original-width=\"768\" data-original-height=\"576\" data-caption=\"Bamboo-havlu\">\n                                <div class=\"aux-hover-scale-circle-plus2\">\n                        <span class=\"aux-symbol-plus\"><\/span>\n                        <span class=\"aux-symbol-circle\"><\/span>\n                    <\/div>\n                        <img loading=\"lazy\" decoding=\"async\" width=\"300\" height=\"300\" src=\"https:\/\/anilsan.com\/wp-content\/uploads\/2022\/03\/Bamboo-havlu-300x300.jpg\" class=\"aux-attachment aux-featured-image attachment-300x300 aux-attachment-id-266 \" alt=\"Bamboo-havlu\" srcset=\"https:\/\/anilsan.com\/wp-content\/uploads\/2022\/03\/Bamboo-havlu-150x150.jpg 150w,https:\/\/anilsan.com\/wp-content\/uploads\/2022\/03\/Bamboo-havlu-300x300.jpg 300w,https:\/\/anilsan.com\/wp-content\/uploads\/2022\/03\/Bamboo-havlu-300x300.jpg 300w,https:\/\/anilsan.com\/wp-content\/uploads\/2022\/03\/Bamboo-havlu-758x758.jpg 758w\" data-ratio=\"1\" data-original-w=\"768\" sizes=\"auto, (max-width:767px) 100vw,(min-width:768px) and (max-width:1025px) 50vw,380px\" \/>                <\/a>\n            <\/div>\n                <\/figure>\n    <figure class=\"gallery-item aux-hover-active aux-iso-item aux-col \">\n            <div class=\"aux-frame-mask-plain aux-frame-ratio \">\n                <a href=\"https:\/\/anilsan.com\/wp-content\/uploads\/2022\/03\/bornoz.jpg\" class=\"aux-frame-ratio-inner aux-frame-darken aux-lightbox-btn \" data-elementor-open-lightbox=\"no\" data-original-width=\"768\" data-original-height=\"576\" data-caption=\"bornoz\">\n                                <div class=\"aux-hover-scale-circle-plus2\">\n                        <span class=\"aux-symbol-plus\"><\/span>\n                        <span class=\"aux-symbol-circle\"><\/span>\n                    <\/div>\n                        <img loading=\"lazy\" decoding=\"async\" width=\"300\" height=\"300\" src=\"https:\/\/anilsan.com\/wp-content\/uploads\/2022\/03\/bornoz-300x300.jpg\" class=\"aux-attachment aux-featured-image attachment-300x300 aux-attachment-id-267 \" alt=\"bornoz\" srcset=\"https:\/\/anilsan.com\/wp-content\/uploads\/2022\/03\/bornoz-150x150.jpg 150w,https:\/\/anilsan.com\/wp-content\/uploads\/2022\/03\/bornoz-300x300.jpg 300w,https:\/\/anilsan.com\/wp-content\/uploads\/2022\/03\/bornoz-300x300.jpg 300w,https:\/\/anilsan.com\/wp-content\/uploads\/2022\/03\/bornoz-758x758.jpg 758w\" data-ratio=\"1\" data-original-w=\"768\" sizes=\"auto, (max-width:767px) 100vw,(min-width:768px) and (max-width:1025px) 50vw,380px\" \/>                <\/a>\n            <\/div>\n                <\/figure>\n    <figure class=\"gallery-item aux-hover-active aux-iso-item aux-col \">\n            <div class=\"aux-frame-mask-plain aux-frame-ratio \">\n                <a href=\"https:\/\/anilsan.com\/wp-content\/uploads\/2022\/03\/Mikrocotton-havlu.jpg\" class=\"aux-frame-ratio-inner aux-frame-darken aux-lightbox-btn \" data-elementor-open-lightbox=\"no\" data-original-width=\"768\" data-original-height=\"576\" data-caption=\"Mikrocotton-havlu\">\n                                <div class=\"aux-hover-scale-circle-plus2\">\n                        <span class=\"aux-symbol-plus\"><\/span>\n                        <span class=\"aux-symbol-circle\"><\/span>\n                    <\/div>\n                        <img loading=\"lazy\" decoding=\"async\" width=\"300\" height=\"300\" src=\"https:\/\/anilsan.com\/wp-content\/uploads\/2022\/03\/Mikrocotton-havlu-300x300.jpg\" class=\"aux-attachment aux-featured-image attachment-300x300 aux-attachment-id-268 \" alt=\"Mikrocotton-havlu\" srcset=\"https:\/\/anilsan.com\/wp-content\/uploads\/2022\/03\/Mikrocotton-havlu-150x150.jpg 150w,https:\/\/anilsan.com\/wp-content\/uploads\/2022\/03\/Mikrocotton-havlu-300x300.jpg 300w,https:\/\/anilsan.com\/wp-content\/uploads\/2022\/03\/Mikrocotton-havlu-300x300.jpg 300w,https:\/\/anilsan.com\/wp-content\/uploads\/2022\/03\/Mikrocotton-havlu-758x758.jpg 758w\" data-ratio=\"1\" data-original-w=\"768\" sizes=\"auto, (max-width:767px) 100vw,(min-width:768px) and (max-width:1025px) 50vw,380px\" \/>                <\/a>\n            <\/div>\n                <\/figure>\n    <figure class=\"gallery-item aux-hover-active aux-iso-item aux-col \">\n            <div class=\"aux-frame-mask-plain aux-frame-ratio \">\n                <a href=\"https:\/\/anilsan.com\/wp-content\/uploads\/2022\/03\/cocuk-bornozu.jpg\" class=\"aux-frame-ratio-inner aux-frame-darken aux-lightbox-btn \" data-elementor-open-lightbox=\"no\" data-original-width=\"768\" data-original-height=\"576\" data-caption=\"cocuk-bornozu\">\n                                <div class=\"aux-hover-scale-circle-plus2\">\n                        <span class=\"aux-symbol-plus\"><\/span>\n                        <span class=\"aux-symbol-circle\"><\/span>\n                    <\/div>\n                        <img loading=\"lazy\" decoding=\"async\" width=\"300\" height=\"300\" src=\"https:\/\/anilsan.com\/wp-content\/uploads\/2022\/03\/cocuk-bornozu-300x300.jpg\" class=\"aux-attachment aux-featured-image attachment-300x300 aux-attachment-id-272 \" alt=\"cocuk-bornozu\" srcset=\"https:\/\/anilsan.com\/wp-content\/uploads\/2022\/03\/cocuk-bornozu-150x150.jpg 150w,https:\/\/anilsan.com\/wp-content\/uploads\/2022\/03\/cocuk-bornozu-300x300.jpg 300w,https:\/\/anilsan.com\/wp-content\/uploads\/2022\/03\/cocuk-bornozu-300x300.jpg 300w,https:\/\/anilsan.com\/wp-content\/uploads\/2022\/03\/cocuk-bornozu-758x758.jpg 758w\" data-ratio=\"1\" data-original-w=\"768\" sizes=\"auto, (max-width:767px) 100vw,(min-width:768px) and (max-width:1025px) 50vw,380px\" \/>                <\/a>\n            <\/div>\n                <\/figure>\n    <figure class=\"gallery-item aux-hover-active aux-iso-item aux-col \">\n            <div class=\"aux-frame-mask-plain aux-frame-ratio \">\n                <a href=\"https:\/\/anilsan.com\/wp-content\/uploads\/2022\/03\/bebe-takimi.jpg\" class=\"aux-frame-ratio-inner aux-frame-darken aux-lightbox-btn \" data-elementor-open-lightbox=\"no\" data-original-width=\"768\" data-original-height=\"576\" data-caption=\"bebe-takimi\">\n                                <div class=\"aux-hover-scale-circle-plus2\">\n                        <span class=\"aux-symbol-plus\"><\/span>\n                        <span class=\"aux-symbol-circle\"><\/span>\n                    <\/div>\n                        <img loading=\"lazy\" decoding=\"async\" width=\"300\" height=\"300\" src=\"https:\/\/anilsan.com\/wp-content\/uploads\/2022\/03\/bebe-takimi-300x300.jpg\" class=\"aux-attachment aux-featured-image attachment-300x300 aux-attachment-id-274 \" alt=\"bebe-takimi\" srcset=\"https:\/\/anilsan.com\/wp-content\/uploads\/2022\/03\/bebe-takimi-150x150.jpg 150w,https:\/\/anilsan.com\/wp-content\/uploads\/2022\/03\/bebe-takimi-300x300.jpg 300w,https:\/\/anilsan.com\/wp-content\/uploads\/2022\/03\/bebe-takimi-300x300.jpg 300w,https:\/\/anilsan.com\/wp-content\/uploads\/2022\/03\/bebe-takimi-758x758.jpg 758w\" data-ratio=\"1\" data-original-w=\"768\" sizes=\"auto, (max-width:767px) 100vw,(min-width:768px) and (max-width:1025px) 50vw,380px\" \/>                <\/a>\n            <\/div>\n                <\/figure>\n    <figure class=\"gallery-item aux-hover-active aux-iso-item aux-col \">\n            <div class=\"aux-frame-mask-plain aux-frame-ratio \">\n                <a href=\"https:\/\/anilsan.com\/wp-content\/uploads\/2022\/03\/sauna-takimi.jpg\" class=\"aux-frame-ratio-inner aux-frame-darken aux-lightbox-btn \" data-elementor-open-lightbox=\"no\" data-original-width=\"768\" data-original-height=\"576\" data-caption=\"sauna-takimi\">\n                                <div class=\"aux-hover-scale-circle-plus2\">\n                        <span class=\"aux-symbol-plus\"><\/span>\n                        <span class=\"aux-symbol-circle\"><\/span>\n                    <\/div>\n                        <img loading=\"lazy\" decoding=\"async\" width=\"300\" height=\"300\" src=\"https:\/\/anilsan.com\/wp-content\/uploads\/2022\/03\/sauna-takimi-300x300.jpg\" class=\"aux-attachment aux-featured-image attachment-300x300 aux-attachment-id-275 \" alt=\"sauna-takimi\" srcset=\"https:\/\/anilsan.com\/wp-content\/uploads\/2022\/03\/sauna-takimi-150x150.jpg 150w,https:\/\/anilsan.com\/wp-content\/uploads\/2022\/03\/sauna-takimi-300x300.jpg 300w,https:\/\/anilsan.com\/wp-content\/uploads\/2022\/03\/sauna-takimi-300x300.jpg 300w,https:\/\/anilsan.com\/wp-content\/uploads\/2022\/03\/sauna-takimi-758x758.jpg 758w\" data-ratio=\"1\" data-original-w=\"768\" sizes=\"auto, (max-width:767px) 100vw,(min-width:768px) and (max-width:1025px) 50vw,380px\" \/>                <\/a>\n            <\/div>\n                <\/figure>\n    <figure class=\"gallery-item aux-hover-active aux-iso-item aux-col \">\n            <div class=\"aux-frame-mask-plain aux-frame-ratio \">\n                <a href=\"https:\/\/anilsan.com\/wp-content\/uploads\/2022\/03\/pestemal.jpg\" class=\"aux-frame-ratio-inner aux-frame-darken aux-lightbox-btn \" data-elementor-open-lightbox=\"no\" data-original-width=\"768\" data-original-height=\"576\" data-caption=\"pestemal\">\n                                <div class=\"aux-hover-scale-circle-plus2\">\n                        <span class=\"aux-symbol-plus\"><\/span>\n                        <span class=\"aux-symbol-circle\"><\/span>\n                    <\/div>\n                        <img loading=\"lazy\" decoding=\"async\" width=\"300\" height=\"300\" src=\"https:\/\/anilsan.com\/wp-content\/uploads\/2022\/03\/pestemal-300x300.jpg\" class=\"aux-attachment aux-featured-image attachment-300x300 aux-attachment-id-276 \" alt=\"pestemal\" srcset=\"https:\/\/anilsan.com\/wp-content\/uploads\/2022\/03\/pestemal-150x150.jpg 150w,https:\/\/anilsan.com\/wp-content\/uploads\/2022\/03\/pestemal-300x300.jpg 300w,https:\/\/anilsan.com\/wp-content\/uploads\/2022\/03\/pestemal-300x300.jpg 300w,https:\/\/anilsan.com\/wp-content\/uploads\/2022\/03\/pestemal-758x758.jpg 758w\" data-ratio=\"1\" data-original-w=\"768\" sizes=\"auto, (max-width:767px) 100vw,(min-width:768px) and (max-width:1025px) 50vw,380px\" \/>                <\/a>\n            <\/div>\n                <\/figure>\n<\/div><\/div><\/section><!-- widget-container --><style>.aux-parent-au13affe97 .aux-frame-ratio { padding-bottom:75% }<\/style>\t\t<\/div>\n\t\t\t\t<\/div>\n\t\t\t\t\t\t<\/div>\n\t\t\t\t\t<\/div>\n\t\t<\/div>\n\t\t\t\t\t\t\t\t<\/div>\n\t\t\t\t\t<\/div>\n\t\t<\/section>\n\t\t\t\t\t\t<\/div>\n\t\t\t\t\t\t<\/div>\n\t\t\t\t\t<\/div>\n\t\t","protected":false},"excerpt":{"rendered":"","protected":false},"author":1,"featured_media":0,"parent":0,"menu_order":0,"comment_status":"closed","ping_status":"closed","template":"","meta":{"footnotes":""},"class_list":["post-555","page","type-page","status-publish","hentry"],"_links":{"self":[{"href":"https:\/\/anilsan.com\/en\/wp-json\/wp\/v2\/pages\/555","targetHints":{"allow":["GET"]}}],"collection":[{"href":"https:\/\/anilsan.com\/en\/wp-json\/wp\/v2\/pages"}],"about":[{"href":"https:\/\/anilsan.com\/en\/wp-json\/wp\/v2\/types\/page"}],"author":[{"embeddable":true,"href":"https:\/\/anilsan.com\/en\/wp-json\/wp\/v2\/users\/1"}],"replies":[{"embeddable":true,"href":"https:\/\/anilsan.com\/en\/wp-json\/wp\/v2\/comments?post=555"}],"version-history":[{"count":1,"href":"https:\/\/anilsan.com\/en\/wp-json\/wp\/v2\/pages\/555\/revisions"}],"predecessor-version":[{"id":556,"href":"https:\/\/anilsan.com\/en\/wp-json\/wp\/v2\/pages\/555\/revisions\/556"}],"wp:attachment":[{"href":"https:\/\/anilsan.com\/en\/wp-json\/wp\/v2\/media?parent=555"}],"curies":[{"name":"wp","href":"https:\/\/api.w.org\/{rel}","templated":true}]}}